{"id":659,"date":"2024-12-17T17:49:10","date_gmt":"2024-12-17T16:49:10","guid":{"rendered":"https:\/\/stowcoffee.emparta.si\/?post_type=product&#038;p=659"},"modified":"2026-02-24T09:01:07","modified_gmt":"2026-02-24T08:01:07","slug":"izobrazevanje-kadra","status":"publish","type":"product","link":"https:\/\/stow.si\/en\/izdelek\/izobrazevanje-kadra\/","title":{"rendered":"IZOBRA\u017dEVANJE KADRA"},"content":{"rendered":"<p>Kakovosten kader je temelj uspe\u0161ne kavarne. Na tem te\u010daju se va\u0161a ekipa usposobi za profesionalno pripravo kavnih napitkov, od espressa in filter kave do popolnega spenjanja mleka za latte art. Poseben poudarek je na tehni\u010dnem znanju dela z opremo, optimizaciji delovnega procesa ter profesionalni komunikaciji z gosti. Nau\u010dili se boste, kako vzpostaviti motivirano ekipo, ki deluje usklajeno, hitro in u\u010dinkovito ter hkrati zagotavlja vrhunsko uporabni\u0161ko izku\u0161njo.<\/p>\n<p>Program te\u010daja prilagodimo glede na trajanje in potrebi gostinca. Velja za 1-6 oseb.<\/p>\n<p><strong>Izobra\u017eevanje o kavi:<\/strong><br \/>\nOsnove specialty kave (poreklo, sorte, procesne metode, pra\u017eenje).<br \/>\nPriprava espressa, filter kave in ostalih kavnih napitkov.<\/p>\n<p><strong>Tehni\u010dno usposabljanje:<\/strong><br \/>\nU\u010denje dela z vrhunsko opremo (espresso aparati, mlin\u010dki).<br \/>\nNastavitev in vzdr\u017eevanje opreme za zagotavljanje konstantne kakovosti.<\/p>\n<p><strong>Priprava napitkov in tehnike:<\/strong><br \/>\nPravilno spenjanje mleka za cappuccino in latte art osnove.<br \/>\nPriprava naprednih napitkov in uvod v kreativne recepte.<\/p>\n<p><strong>Profesionalna postre\u017eba in komunikacija:<\/strong><br \/>\nOsnove stre\u017ebe in komuniciranja s strankami (pozdrav, predstavitev menija, zaklju\u010dek naro\u010dila).<br \/>\nKako ustvariti osebno povezavo z gosti za gradnjo zvestobe.<\/p>\n<p><strong>U\u010dinkovita organizacija dela:<\/strong><br \/>\nRazporeditev nalog in optimizacija dela v \u010dasu najve\u010djih obremenitev.<br \/>\nUpravljanje z zalogo in priprava delovnega prostora.<\/p>\n<p><strong>Motivacija in team building:<\/strong><br \/>\nGradnja pozitivne kulture v ekipi za motivacijo in zmanj\u0161anje fluktuacije kadra.<\/p>\n","protected":false},"excerpt":{"rendered":"<p><em>&#8220;Znanje, ki oblikuje prihodnost&#8221;.<\/em><\/p>\n","protected":false},"author":1,"featured_media":703,"template":"","meta":{"_acf_changed":false},"product_brand":[],"product_cat":[21,184,96],"product_tag":[],"giftcard-category":[],"class_list":{"0":"post-659","1":"product","2":"type-product","3":"status-publish","4":"has-post-thumbnail","6":"product_cat-akademija","7":"product_cat-na-povprasevanje","8":"product_cat-za-gostince","10":"first","11":"instock","12":"shipping-taxable","13":"purchasable","14":"product-type-variable"},"acf":[],"_links":{"self":[{"href":"https:\/\/stow.si\/en\/wp-json\/wp\/v2\/product\/659","targetHints":{"allow":["GET"]}}],"collection":[{"href":"https:\/\/stow.si\/en\/wp-json\/wp\/v2\/product"}],"about":[{"href":"https:\/\/stow.si\/en\/wp-json\/wp\/v2\/types\/product"}],"author":[{"embeddable":true,"href":"https:\/\/stow.si\/en\/wp-json\/wp\/v2\/users\/1"}],"wp:featuredmedia":[{"embeddable":true,"href":"https:\/\/stow.si\/en\/wp-json\/wp\/v2\/media\/703"}],"wp:attachment":[{"href":"https:\/\/stow.si\/en\/wp-json\/wp\/v2\/media?parent=659"}],"wp:term":[{"taxonomy":"product_brand","embeddable":true,"href":"https:\/\/stow.si\/en\/wp-json\/wp\/v2\/product_brand?post=659"},{"taxonomy":"product_cat","embeddable":true,"href":"https:\/\/stow.si\/en\/wp-json\/wp\/v2\/product_cat?post=659"},{"taxonomy":"product_tag","embeddable":true,"href":"https:\/\/stow.si\/en\/wp-json\/wp\/v2\/product_tag?post=659"},{"taxonomy":"giftcard-category","embeddable":true,"href":"https:\/\/stow.si\/en\/wp-json\/wp\/v2\/giftcard-category?post=659"}],"curies":[{"name":"wp","href":"https:\/\/api.w.org\/{rel}","templated":true}]}}