{"id":656,"date":"2024-12-17T15:45:23","date_gmt":"2024-12-17T14:45:23","guid":{"rendered":"https:\/\/stowcoffee.emparta.si\/?post_type=product&#038;p=656"},"modified":"2026-02-24T09:01:11","modified_gmt":"2026-02-24T08:01:11","slug":"odpirate-kavarno","status":"publish","type":"product","link":"https:\/\/stow.si\/en\/izdelek\/odpirate-kavarno\/","title":{"rendered":"ODPIRATE KAVARNO?"},"content":{"rendered":"<p>Uspe\u0161na kavarna se za\u010dne z dobrim na\u010drtom. Pri Stow Akademiji ponujamo celovito podporo pri na\u010drtovanju in odpiranju va\u0161e kavarne. Skozi \u0161tiri klju\u010dne korake vas vodimo od ideje do uspe\u0161nega zagona, pri \u010demer se osredoto\u010damo na vse vidike \u2013 od lokacije, ekonomike, opreme, \u0161olanja kadra do prvih gostov in dolgoro\u010dnega uspeha. V tem sklopu vam pomagamo pri zasnovi celotnega koncepta va\u0161e kavarne. Skozi te \u0161tiri klju\u010dne korake vam nudimo celovito podporo, ki temelji na dolgoletnih izku\u0161njah v kavni industriji. Z nami boste samozavestno odprli svojo kavarno, zgradili uspe\u0161no ekipo in zagotovili izjemno izku\u0161njo za va\u0161e goste.<\/p>\n<p><strong>PRVI KORAK: ANALIZA PROJEKTA IN NA\u010cRTOVANJE<\/strong><br \/>\nPrvi korak se za\u010dne s temeljito analizo va\u0161e ideje in poslovnega potenciala.<\/p>\n<p><strong>Izbira lokacije: <\/strong>Ocenimo lokacijo glede na ciljno skupino (npr. specialty kavarne potrebujejo bolj spro\u0161\u010dene, preto\u010dne lokacije, klasi\u010dne kavarne lahko uspejo ob prometnih to\u010dkah, kot so postaje).<br \/>\n<strong>Analiza trga:<\/strong> Raziskava trendov potro\u0161nje, konkurence in prilo\u017enosti v izbranem okolju.<br \/>\n<strong>Poslovni na\u010drt:<\/strong> Izdelava prvega poslovnega na\u010drta, ki vklju\u010duje oceno stro\u0161kov, finan\u010dno vzdr\u017enost in donosnost investicije (ROI).<br \/>\n<strong>Va\u0161e sposobnosti in vizija:<\/strong> Dolo\u010ditev koncepta kavarne, vizije in edinstvene prodajne to\u010dke (USP), ki vas bo lo\u010dila od konkurence.<\/p>\n<p><strong>DRUGI KORAK: OD PROJEKTA DO IZVEDBE<\/strong><br \/>\nDrugi korak preide v operativno fazo, kjer va\u0161a ideja postaja resni\u010dnost.<\/p>\n<p><strong>Oblikovanje menija:<\/strong> Kreacija kavnega in dodatnega menija z analizo stro\u0161kov (food cost) in dolo\u010danjem optimalnih cen za doseganje dobi\u010dkonosnosti.<br \/>\n<strong>Izbor opreme:<\/strong> Svetovanje in pomo\u010d pri nabavi vrhunske kavne opreme, kot so espresso aparati, mlini in drugi klju\u010dni pripomo\u010dki za nemoteno delovanje.<br \/>\n<strong>Notranje oblikovanje:<\/strong> Sodelovanje z arhitekti in notranjimi oblikovalci za oblikovanje prostora, ki odra\u017ea va\u0161o blagovno znamko in je ergonomsko prilagojen za u\u010dinkovito delo.<br \/>\n<strong>Usposabljanje kadra:<\/strong> Vzpostavitev ekipe in izobra\u017eevanje osebja za pripravo vrhunske kave, profesionalno postre\u017ebo ter u\u010dinkovito delo.<\/p>\n<p><strong>TRETJI KORAK: ODPRTJE IN PODPORA PRVIH DNI<\/strong><br \/>\nTretji korak zajema pripravo in dejansko odprtje kavarne.<\/p>\n<p><strong>Soft opening:<\/strong> Organizacija preizkusnega odprtja za testiranje delovnih procesov, menija in odziva gostov.<br \/>\n<strong>Dnevna rutina:<\/strong> Vzpostavitev sistemati\u010dnega dnevnega delovnega toka, ki optimizira produktivnost in zagotavlja konsistentno kakovost.<br \/>\n<strong>Prvi vtis gostov:<\/strong> Ker imate le eno prilo\u017enost za dober vtis, poskrbimo za gladek za\u010detek ter podporo pri privabljanju in zadovoljstvu prvih gostov.<br \/>\n<strong>Zbiranje povratnih informacij:<\/strong> Analiza odzivov strank in prilagajanje storitev ter ponudbe za \u0161e bolj\u0161o uporabni\u0161ko izku\u0161njo.<\/p>\n<p><strong>\u010cETRTI KORAK: SPREMLJANJE, OPTIMIZACIJA IN IZBOLJ\u0160AVE<\/strong><br \/>\nPo odprtju je klju\u010dno ohraniti kakovost in izbolj\u0161evati poslovanje.<\/p>\n<p><strong>Nadzor kakovosti:<\/strong> Redni pregledi delovanja, kakovosti napitkov in storitve za zagotavljanje vrhunskih standardov.<br \/>\n<strong>Optimizacija procesa:<\/strong> Analiza delovnih tokov za pove\u010danje u\u010dinkovitosti zaposlenih in zmanj\u0161anje izgub.<br \/>\n<strong>Strategija za rast:<\/strong> Skozi zbrane podatke in povratne informacije pripravljamo predloge za nadgradnjo menija, ponudbe in marketin\u0161kih aktivnosti za dolgoro\u010dno rast va\u0161ega posla.<\/p>\n","protected":false},"excerpt":{"rendered":"<p>hej hej<\/p>\n","protected":false},"author":1,"featured_media":658,"template":"","meta":{"_acf_changed":false},"product_brand":[],"product_cat":[21,184,96],"product_tag":[],"giftcard-category":[],"class_list":{"0":"post-656","1":"product","2":"type-product","3":"status-publish","4":"has-post-thumbnail","6":"product_cat-akademija","7":"product_cat-na-povprasevanje","8":"product_cat-za-gostince","10":"first","11":"instock","12":"shipping-taxable","13":"purchasable","14":"product-type-simple"},"acf":[],"_links":{"self":[{"href":"https:\/\/stow.si\/en\/wp-json\/wp\/v2\/product\/656","targetHints":{"allow":["GET"]}}],"collection":[{"href":"https:\/\/stow.si\/en\/wp-json\/wp\/v2\/product"}],"about":[{"href":"https:\/\/stow.si\/en\/wp-json\/wp\/v2\/types\/product"}],"author":[{"embeddable":true,"href":"https:\/\/stow.si\/en\/wp-json\/wp\/v2\/users\/1"}],"wp:featuredmedia":[{"embeddable":true,"href":"https:\/\/stow.si\/en\/wp-json\/wp\/v2\/media\/658"}],"wp:attachment":[{"href":"https:\/\/stow.si\/en\/wp-json\/wp\/v2\/media?parent=656"}],"wp:term":[{"taxonomy":"product_brand","embeddable":true,"href":"https:\/\/stow.si\/en\/wp-json\/wp\/v2\/product_brand?post=656"},{"taxonomy":"product_cat","embeddable":true,"href":"https:\/\/stow.si\/en\/wp-json\/wp\/v2\/product_cat?post=656"},{"taxonomy":"product_tag","embeddable":true,"href":"https:\/\/stow.si\/en\/wp-json\/wp\/v2\/product_tag?post=656"},{"taxonomy":"giftcard-category","embeddable":true,"href":"https:\/\/stow.si\/en\/wp-json\/wp\/v2\/giftcard-category?post=656"}],"curies":[{"name":"wp","href":"https:\/\/api.w.org\/{rel}","templated":true}]}}