{"id":651,"date":"2024-12-17T14:05:07","date_gmt":"2024-12-17T13:05:07","guid":{"rendered":"https:\/\/stowcoffee.emparta.si\/?post_type=product&#038;p=651"},"modified":"2026-03-12T09:23:36","modified_gmt":"2026-03-12T08:23:36","slug":"latte-art-tecaj","status":"publish","type":"product","link":"https:\/\/stow.si\/en\/izdelek\/latte-art-tecaj\/","title":{"rendered":"LATTE ART BASIC"},"content":{"rendered":"<p>Latte art je prava umetnost v svetu kave, kjer se zdru\u017eita tehni\u010dna spretnost in ustvarjalna estetika. Na Akademiji Stow izvajamo dva nivoja te\u010dajev latte arta \u2013 Latte Art Basic za za\u010detnike in Latte Art Advance za tiste, ki \u017eelijo svoje ve\u0161\u010dine dvigniti na vi\u0161ji nivo.<\/p>\n<p><strong>LATTE ART BASIC<\/strong><br \/>\nTe\u010daj Latte Art Basic je namenjen za\u010detnikom, ki \u017eelijo osvojiti osnove priprave popolne mle\u010dne kreme in prvih vzorcev latte arta. Nau\u010dili se boste pravilne tehnike spenjanja mleka, ustvarjanja svilnato gladke mle\u010dne kreme ter osnovnih tehnik vlivanja. Pod vodstvom izku\u0161enih trenerjev boste osvojili enostavne vzorce, kot sta srce in tulipan, ki bodo va\u0161e kave naredili privla\u010dne na pogled. Te\u010daj traja 3 ure in je zasnovan tako za kavne entuziaste kot za\u010detnike v gostinstvu, ki \u017eelijo izbolj\u0161ati svoje spretnosti.<\/p>\n<p><strong>LOKACIJA<\/strong><br \/>\nKavarna Stow, Gosposka 15, 1000 Ljubljana<\/p>\n<p><strong>TRAJANJE<\/strong><br \/>\n09:30 \u2013 12:30<\/p>\n<p><strong>DATUM<\/strong><br \/>\n13. april 2026<\/p>\n<p><strong>\u0160TEVILO OSEB<\/strong><br \/>\n2-4<\/p>\n<p><strong>CENA<\/strong><br \/>\n120,00\u20ac Cena vklju\u010duje ddv<\/p>\n<p><strong>OBVEZNA REZERVACIJA<\/strong><br \/>\npeter@stow.si ali 070609596<\/p>\n","protected":false},"excerpt":{"rendered":"<p><em>\u02ddUmetnost risanja po kavi\u02dd.<\/em><\/p>\n","protected":false},"author":1,"featured_media":702,"template":"","meta":{"_acf_changed":false},"product_brand":[],"product_cat":[21,184,94],"product_tag":[],"giftcard-category":[],"class_list":{"0":"post-651","1":"product","2":"type-product","3":"status-publish","4":"has-post-thumbnail","6":"product_cat-akademija","7":"product_cat-na-povprasevanje","8":"product_cat-za-entuziaste","10":"first","11":"outofstock","12":"shipping-taxable","13":"purchasable","14":"product-type-simple"},"acf":[],"_links":{"self":[{"href":"https:\/\/stow.si\/en\/wp-json\/wp\/v2\/product\/651","targetHints":{"allow":["GET"]}}],"collection":[{"href":"https:\/\/stow.si\/en\/wp-json\/wp\/v2\/product"}],"about":[{"href":"https:\/\/stow.si\/en\/wp-json\/wp\/v2\/types\/product"}],"author":[{"embeddable":true,"href":"https:\/\/stow.si\/en\/wp-json\/wp\/v2\/users\/1"}],"wp:featuredmedia":[{"embeddable":true,"href":"https:\/\/stow.si\/en\/wp-json\/wp\/v2\/media\/702"}],"wp:attachment":[{"href":"https:\/\/stow.si\/en\/wp-json\/wp\/v2\/media?parent=651"}],"wp:term":[{"taxonomy":"product_brand","embeddable":true,"href":"https:\/\/stow.si\/en\/wp-json\/wp\/v2\/product_brand?post=651"},{"taxonomy":"product_cat","embeddable":true,"href":"https:\/\/stow.si\/en\/wp-json\/wp\/v2\/product_cat?post=651"},{"taxonomy":"product_tag","embeddable":true,"href":"https:\/\/stow.si\/en\/wp-json\/wp\/v2\/product_tag?post=651"},{"taxonomy":"giftcard-category","embeddable":true,"href":"https:\/\/stow.si\/en\/wp-json\/wp\/v2\/giftcard-category?post=651"}],"curies":[{"name":"wp","href":"https:\/\/api.w.org\/{rel}","templated":true}]}}