{"id":607,"date":"2024-12-13T17:31:54","date_gmt":"2024-12-13T16:31:54","guid":{"rendered":"https:\/\/stowcoffee.emparta.si\/?post_type=product&#038;p=607"},"modified":"2026-04-17T10:05:12","modified_gmt":"2026-04-17T09:05:12","slug":"sculptor","status":"publish","type":"product","link":"https:\/\/stow.si\/en\/izdelek\/sculptor\/","title":{"rendered":"Sculptor 064S &#8211; po naro\u010dilu"},"content":{"rendered":"<p>Timemore Sculptor 064S je vrhunski elektri\u010dni mlin\u010dek, zasnovan za vse ljubitelje kave \u2013 od navdu\u0161encev nad espressom do tistih, ki u\u017eivajo v razli\u010dnih metodah priprave, kot so V60 pour-over.<\/p>\n<p><strong>Klju\u010dne lastnosti Timemore Sculptor 064S:<\/strong><\/p>\n<ul>\n<li><strong>Patentirani 064S ravni no\u017ei:<\/strong> Odlikujejo se po izjemni natan\u010dnosti pri mletju za espresso ter zagotavljajo konsistenco in enakomernost pri razli\u010dnih stopnjah mletja.<\/li>\n<li><strong>Patentirani rotacijski &#8220;knocker&#8221;:<\/strong> Poenostavlja \u010di\u0161\u010denje, saj u\u010dinkovito odstrani stati\u010dno nabite delce kave, ki se lahko prilepijo na izhodu mlin\u010dka, in tako zagotavlja \u010distost mlete kave.<\/li>\n<li><strong>Motor s senzorjem:<\/strong> Omogo\u010da dolgotrajno zmogljivost in stabilnost brez vibracij, kar zagotavlja tiho in prijetno izku\u0161njo mletja.<\/li>\n<li><strong>Magnetni pokrov lijaka in posodica za kavna zrna:<\/strong> Prepre\u010dujeta raztresenje zrn in mlete kave med postopkom mletja.<\/li>\n<\/ul>\n<p>Mlin\u010dek je izdelan iz trpe\u017enih materialov, kot sta aluminijeva zlitina in nerjave\u010de jeklo, zaradi \u010desar je visoko zmogljivo orodje in eleganten dodatek za va\u0161o kuhinjo.<\/p>\n<p><strong>Prilagodljivost mlin\u010dka Sculptor 064S:<\/strong><br \/>\nMlin\u010dek omogo\u010da brezstopenjsko nastavitev mletja z 36 razli\u010dnimi stopnjami, kar uporabnikom omogo\u010da raziskovanje \u0161irokega spektra metod priprave, od pour-over do espressa. Ta vsestranskost zagotavlja popolno mletje za vsako tehniko priprave in razkrije poln okusni potencial va\u0161ih kavnih zrn.<\/p>\n<p>Izberite Timemore Sculptor 064S za brezkompromisno kakovost in u\u017eitek pri pripravi kave.<\/p>\n<p><strong>TEHNI\u010cNA SPECIFIKACIJA \u2013 Timemore Sculptor 064S<br \/>\n<\/strong><\/p>\n<ul>\n<li><strong>Dimenzije:<\/strong> 256 x 100 x 225 mm<\/li>\n<li><strong>Materiali:<\/strong> Ohi\u0161je iz aluminijeve zlitine in nerjavnega jekla<\/li>\n<li><strong>Te\u017ea:<\/strong> 4,1 kg<\/li>\n<li><strong>Mo\u010d:<\/strong> 160 W (EU vti\u010d)<\/li>\n<li><strong>Razpon mletja:<\/strong> Od espressa do V60, brezstopenjska nastavitev<\/li>\n<li><strong>Funkcije:<\/strong>\n<ul>\n<li>Patentiran sistem za odstranjevanje ostankov kave (&#8220;knock system&#8221;)<\/li>\n<li>Nastavljiva hitrost vrtenja rezil (800\u20131200 RPM)<\/li>\n<li>Komplet ravnih rezil premera 64 mm<\/li>\n<\/ul>\n<\/li>\n<\/ul>\n<p>Izjemna zmogljivost in natan\u010dnost za vse na\u010dine priprave kave!<\/p>\n","protected":false},"excerpt":{"rendered":"<p><em>\u02ddVrhunski elektri\u010dni mlin\u010dek za popolno kavno izku\u0161njo\u02dd.<\/em><\/p>\n","protected":false},"author":1,"featured_media":609,"template":"","meta":{"_acf_changed":false},"product_brand":[],"product_cat":[23,91],"product_tag":[],"giftcard-category":[],"class_list":{"0":"post-607","1":"product","2":"type-product","3":"status-publish","4":"has-post-thumbnail","6":"product_cat-barista-oprema","7":"product_cat-mlini","9":"first","10":"instock","11":"shipping-taxable","12":"purchasable","13":"product-type-simple"},"acf":[],"_links":{"self":[{"href":"https:\/\/stow.si\/en\/wp-json\/wp\/v2\/product\/607","targetHints":{"allow":["GET"]}}],"collection":[{"href":"https:\/\/stow.si\/en\/wp-json\/wp\/v2\/product"}],"about":[{"href":"https:\/\/stow.si\/en\/wp-json\/wp\/v2\/types\/product"}],"author":[{"embeddable":true,"href":"https:\/\/stow.si\/en\/wp-json\/wp\/v2\/users\/1"}],"wp:featuredmedia":[{"embeddable":true,"href":"https:\/\/stow.si\/en\/wp-json\/wp\/v2\/media\/609"}],"wp:attachment":[{"href":"https:\/\/stow.si\/en\/wp-json\/wp\/v2\/media?parent=607"}],"wp:term":[{"taxonomy":"product_brand","embeddable":true,"href":"https:\/\/stow.si\/en\/wp-json\/wp\/v2\/product_brand?post=607"},{"taxonomy":"product_cat","embeddable":true,"href":"https:\/\/stow.si\/en\/wp-json\/wp\/v2\/product_cat?post=607"},{"taxonomy":"product_tag","embeddable":true,"href":"https:\/\/stow.si\/en\/wp-json\/wp\/v2\/product_tag?post=607"},{"taxonomy":"giftcard-category","embeddable":true,"href":"https:\/\/stow.si\/en\/wp-json\/wp\/v2\/giftcard-category?post=607"}],"curies":[{"name":"wp","href":"https:\/\/api.w.org\/{rel}","templated":true}]}}