{"id":3239,"date":"2026-02-26T13:29:01","date_gmt":"2026-02-26T12:29:01","guid":{"rendered":"https:\/\/stow.si\/?post_type=product&#038;p=3239"},"modified":"2026-03-17T09:27:29","modified_gmt":"2026-03-17T08:27:29","slug":"cold-brew-1-kos","status":"publish","type":"product","link":"https:\/\/stow.si\/izdelek\/cold-brew-1-kos\/","title":{"rendered":"COLD BREW 1 KOS"},"content":{"rendered":"<p data-start=\"268\" data-end=\"304\"><strong data-start=\"268\" data-end=\"304\">Osve\u017eujo\u010d napitek. Mo\u010dna zgodba.<\/strong><\/p>\n<p data-start=\"306\" data-end=\"546\">Coffee Racer je ve\u010d kot le cold brew \u2013 je poklon vztrajnosti, solidarnosti in vrhunski kavi. Ustvarjen v sodelovanju s priznanim slovenskim kolesarjem <strong data-start=\"457\" data-end=\"474\">Luko Mezgecem<\/strong>, je ta napitek nadaljevanje skupne humanitarne pobude <strong data-start=\"529\" data-end=\"545\">#projektVida<\/strong>.<\/p>\n<p data-start=\"548\" data-end=\"923\">Cold brew Coffee Racer je pripravljen iz na\u0161e skrbno pra\u017eene kave <strong data-start=\"614\" data-end=\"632\">Espresso Racer<\/strong>, ki jo odlikuje uravnote\u017een profil z notami karamele, le\u0161nika, \u010dokolade in rahlega sadnega podtona. Ekstrahiran pri nizki temperaturi za maksimalno sladkost in \u010distino okusa, je Coffee Racer idealna izbira za osve\u017eitev pred ali po kolesarskem podvigu \u2013 ali pa kot plemenita vsakodnevna izbira.<\/p>\n<p data-start=\"1138\" data-end=\"1295\"><strong data-start=\"1138\" data-end=\"1295\">Vsaka stekleni\u010dka Coffee Racer pomeni ve\u010d kot le osve\u017eitev \u2013 pomeni tudi podporo projektu, ki prina\u0161a dostojanstvo tistim, ki so ga najpogosteje prezrti.<\/strong><\/p>\n<p data-start=\"1297\" data-end=\"1400\">Pridru\u017ei se Luki Mezgecu in Stow Coffee v misiji: <strong>#projektvida<\/strong><\/p>\n","protected":false},"excerpt":{"rendered":"<p>Coffee Racer cold brew navdu\u0161i z izrazito sladkostjo karamele, dopolnjeno z jasno ore\u0161kasto noto le\u0161nika ter ne\u017enim sadnim podtonom mandarine. Zaklju\u010dek je sve\u017e, \u010dist in osve\u017eujo\u010de uravnote\u017een.<\/p>\n","protected":false},"author":3,"featured_media":2117,"template":"","meta":{"_acf_changed":false},"product_brand":[],"product_cat":[20,16],"product_tag":[],"giftcard-category":[],"class_list":{"0":"post-3239","1":"product","2":"type-product","3":"status-publish","4":"has-post-thumbnail","6":"product_cat-espresso","7":"product_cat-kava","9":"first","10":"instock","11":"shipping-taxable","12":"purchasable","13":"product-type-simple"},"acf":[],"_links":{"self":[{"href":"https:\/\/stow.si\/en\/wp-json\/wp\/v2\/product\/3239","targetHints":{"allow":["GET"]}}],"collection":[{"href":"https:\/\/stow.si\/en\/wp-json\/wp\/v2\/product"}],"about":[{"href":"https:\/\/stow.si\/en\/wp-json\/wp\/v2\/types\/product"}],"author":[{"embeddable":true,"href":"https:\/\/stow.si\/en\/wp-json\/wp\/v2\/users\/3"}],"wp:featuredmedia":[{"embeddable":true,"href":"https:\/\/stow.si\/en\/wp-json\/wp\/v2\/media\/2117"}],"wp:attachment":[{"href":"https:\/\/stow.si\/en\/wp-json\/wp\/v2\/media?parent=3239"}],"wp:term":[{"taxonomy":"product_brand","embeddable":true,"href":"https:\/\/stow.si\/en\/wp-json\/wp\/v2\/product_brand?post=3239"},{"taxonomy":"product_cat","embeddable":true,"href":"https:\/\/stow.si\/en\/wp-json\/wp\/v2\/product_cat?post=3239"},{"taxonomy":"product_tag","embeddable":true,"href":"https:\/\/stow.si\/en\/wp-json\/wp\/v2\/product_tag?post=3239"},{"taxonomy":"giftcard-category","embeddable":true,"href":"https:\/\/stow.si\/en\/wp-json\/wp\/v2\/giftcard-category?post=3239"}],"curies":[{"name":"wp","href":"https:\/\/api.w.org\/{rel}","templated":true}]}}