{"id":300,"date":"2024-07-18T14:09:59","date_gmt":"2024-07-18T13:09:59","guid":{"rendered":"http:\/\/localhost\/stow\/?post_type=product&#038;p=300"},"modified":"2026-03-11T13:52:52","modified_gmt":"2026-03-11T12:52:52","slug":"home-brewing","status":"publish","type":"product","link":"https:\/\/stow.si\/en\/izdelek\/home-brewing\/","title":{"rendered":"POUR-OVER MASTERCLASS"},"content":{"rendered":"<p>Na delavnici boste pridobili znanje, kako doma ali v pisarni pripraviti vrhunsko skodelico filter kave. Spoznali boste pomen recepture (razmerje med kavo in vodo, \u010das ekstrakcije, temperatura vode) in se spoznali s tehniko priprave. Te\u010daj zajema razli\u010dne metode priprave V60, Chemex in Aeropress.<\/p>\n<p>Te\u010daj je primeren predvsem za ljubitelje kave, kot tudi za profesionalne bariste, ki \u017eelijo osve\u017eiti znanje iz tega podro\u010dja.<\/p>\n<p><strong>LOKACIJA<\/strong><br \/>\nKavarna Stow, Gosposka 15, 1000 Ljubljana<\/p>\n<p><strong>TRAJANJE<\/strong><br \/>\n15:00 \u2013 18:00<\/p>\n<p><strong>DATUM<\/strong><br \/>\n13. marec 2026<\/p>\n<p><strong>\u0160TEVILO OSEB<\/strong><br \/>\n2-4<\/p>\n<p><strong>CENA<\/strong><br \/>\n90,00\u20ac Cena vklju\u010duje ddv<\/p>\n<p><strong>REZERVACIJE<\/strong><br \/>\npeter@stow.si ali 070609596<\/p>\n","protected":false},"excerpt":{"rendered":"<p><em>&#8220;Filter kava: znanost popolne ekstrakcije doma&#8221;.<\/em><\/p>\n","protected":false},"author":1,"featured_media":699,"template":"","meta":{"_acf_changed":false},"product_brand":[],"product_cat":[21,184,94],"product_tag":[],"giftcard-category":[],"class_list":{"0":"post-300","1":"product","2":"type-product","3":"status-publish","4":"has-post-thumbnail","6":"product_cat-akademija","7":"product_cat-na-povprasevanje","8":"product_cat-za-entuziaste","10":"first","11":"instock","12":"virtual","13":"purchasable","14":"product-type-simple"},"acf":[],"_links":{"self":[{"href":"https:\/\/stow.si\/en\/wp-json\/wp\/v2\/product\/300","targetHints":{"allow":["GET"]}}],"collection":[{"href":"https:\/\/stow.si\/en\/wp-json\/wp\/v2\/product"}],"about":[{"href":"https:\/\/stow.si\/en\/wp-json\/wp\/v2\/types\/product"}],"author":[{"embeddable":true,"href":"https:\/\/stow.si\/en\/wp-json\/wp\/v2\/users\/1"}],"wp:featuredmedia":[{"embeddable":true,"href":"https:\/\/stow.si\/en\/wp-json\/wp\/v2\/media\/699"}],"wp:attachment":[{"href":"https:\/\/stow.si\/en\/wp-json\/wp\/v2\/media?parent=300"}],"wp:term":[{"taxonomy":"product_brand","embeddable":true,"href":"https:\/\/stow.si\/en\/wp-json\/wp\/v2\/product_brand?post=300"},{"taxonomy":"product_cat","embeddable":true,"href":"https:\/\/stow.si\/en\/wp-json\/wp\/v2\/product_cat?post=300"},{"taxonomy":"product_tag","embeddable":true,"href":"https:\/\/stow.si\/en\/wp-json\/wp\/v2\/product_tag?post=300"},{"taxonomy":"giftcard-category","embeddable":true,"href":"https:\/\/stow.si\/en\/wp-json\/wp\/v2\/giftcard-category?post=300"}],"curies":[{"name":"wp","href":"https:\/\/api.w.org\/{rel}","templated":true}]}}