{"id":299,"date":"2024-07-18T14:08:27","date_gmt":"2024-07-18T13:08:27","guid":{"rendered":"http:\/\/localhost\/stow\/?post_type=product&#038;p=299"},"modified":"2026-03-31T15:57:25","modified_gmt":"2026-03-31T14:57:25","slug":"espresso-masterclass-2","status":"publish","type":"product","link":"https:\/\/stow.si\/en\/izdelek\/espresso-masterclass-2\/","title":{"rendered":"ESPRESSO MASTERCLASS"},"content":{"rendered":"<p>Na delavnici ESPRESSO MASTERCLASS bodo zajete osnove priprave espresso napitka po recepturi . Nau\u010dili se boste, kako u\u010dinkovito nastaviti kavni mlin, pravilno odmeriti dozo mlete kave, jo potla\u010diti in pripraviti vrhunsko skodelico espresso kave. Med pripravo espresso kave se boste nau\u010dili kako na okusu prepoznati lastnosti premalo, preve\u010d in idealno ekstrahirane kave. Delavnica zajema tudi pravilno pripravo mle\u010dne kreme in osnove tehnike vlivanja za pripravo kave z mlekom ali cappuccina.<\/p>\n<p>Te\u010daj je primeren predvsem za ljubitelje kave, kot tudi za profesionalne bariste, ki \u017eelijo osve\u017eiti znanje iz tega podro\u010dja.<\/p>\n<p><strong>PROGRAM DELAVNICE<\/strong><\/p>\n<p>Teoreti\u010den del:<br \/>\n\u2013 Uvod (posestvo kave, sorte, procesne metode, pra\u017eenje)<br \/>\n\u2013 Izbor primerne kave za espresso in kaj upliva na okus<\/p>\n<p>Prakti\u010dni del:<br \/>\n\u2013 espresso receptura: razmerje (kava\/voda), \u010das, temperatura<br \/>\n\u2013 nastavitve mlina (granulacija: fino\/grobo mleta kava)<br \/>\n\u2013 razumevanje ekstrakcije kave<br \/>\n\u2013 mleko in mle\u010dna krema<br \/>\n\u2013 kavni napitki<\/p>\n<p><strong>LOKACIJA<\/strong><br \/>\nKavarna Stow, Gosposka 15, 1000 Ljubljana<\/p>\n<p><strong>TRAJANJE<\/strong><br \/>\n15:00 \u2013 18:00<\/p>\n<p><strong>DATUM<\/strong><br \/>\n24. MAREC 2026<\/p>\n<p><strong>\u0160TEVILO OSEB<\/strong><br \/>\n2-4<\/p>\n<p><strong>CENA<\/strong><br \/>\n90,00\u20ac Cena vklju\u010duje ddv<\/p>\n<p><strong>OBVEZNA REZERVACIJA<\/strong><br \/>\npeter@stow.si ali 070609596<\/p>\n","protected":false},"excerpt":{"rendered":"<p><em>&#8220;Espresso: Popolna ekstrakcija za kavne entuziaste doma&#8221;.<\/em><\/p>\n","protected":false},"author":1,"featured_media":698,"template":"","meta":{"_acf_changed":false},"product_brand":[],"product_cat":[21,184,94],"product_tag":[],"giftcard-category":[],"class_list":{"0":"post-299","1":"product","2":"type-product","3":"status-publish","4":"has-post-thumbnail","6":"product_cat-akademija","7":"product_cat-na-povprasevanje","8":"product_cat-za-entuziaste","10":"first","11":"instock","12":"shipping-taxable","13":"purchasable","14":"product-type-simple"},"acf":[],"_links":{"self":[{"href":"https:\/\/stow.si\/en\/wp-json\/wp\/v2\/product\/299","targetHints":{"allow":["GET"]}}],"collection":[{"href":"https:\/\/stow.si\/en\/wp-json\/wp\/v2\/product"}],"about":[{"href":"https:\/\/stow.si\/en\/wp-json\/wp\/v2\/types\/product"}],"author":[{"embeddable":true,"href":"https:\/\/stow.si\/en\/wp-json\/wp\/v2\/users\/1"}],"wp:featuredmedia":[{"embeddable":true,"href":"https:\/\/stow.si\/en\/wp-json\/wp\/v2\/media\/698"}],"wp:attachment":[{"href":"https:\/\/stow.si\/en\/wp-json\/wp\/v2\/media?parent=299"}],"wp:term":[{"taxonomy":"product_brand","embeddable":true,"href":"https:\/\/stow.si\/en\/wp-json\/wp\/v2\/product_brand?post=299"},{"taxonomy":"product_cat","embeddable":true,"href":"https:\/\/stow.si\/en\/wp-json\/wp\/v2\/product_cat?post=299"},{"taxonomy":"product_tag","embeddable":true,"href":"https:\/\/stow.si\/en\/wp-json\/wp\/v2\/product_tag?post=299"},{"taxonomy":"giftcard-category","embeddable":true,"href":"https:\/\/stow.si\/en\/wp-json\/wp\/v2\/giftcard-category?post=299"}],"curies":[{"name":"wp","href":"https:\/\/api.w.org\/{rel}","templated":true}]}}