{"id":298,"date":"2024-07-18T14:06:42","date_gmt":"2024-07-18T13:06:42","guid":{"rendered":"http:\/\/localhost\/stow\/?post_type=product&#038;p=298"},"modified":"2026-03-11T14:41:12","modified_gmt":"2026-03-11T13:41:12","slug":"sensory-cupping-table-2","status":"publish","type":"product","link":"https:\/\/stow.si\/en\/izdelek\/sensory-cupping-table-2\/","title":{"rendered":"CUPPING TABLE"},"content":{"rendered":"<p>Delavnica <strong data-start=\"10\" data-end=\"29\">CUPPING TABLE<\/strong> udele\u017eencem omogo\u010da oku\u0161anje kav iz razli\u010dnih dr\u017eav, kavnih posestev, sort in procesnih metod. Vsaka izvedba delavnice je nekoliko druga\u010dna, saj se izbor kav prilagaja sezoni in aktualni ponudbi, zato je priporo\u010dljivo spremljati aktualno vsebino posamezne delavnice na spletni strani. Primerna je tako za ljubitelje kave kot tudi za profesionalce, ki \u017eelijo poglobiti svoje senzori\u010dno razumevanje kave.<\/p>\n<p><strong>OKU\u0160ANJE KAV IZ KENIJE IN ETIOPIJE<\/strong><\/p>\n<p>Teoreti\u010den del:<br \/>\n\u2013 Uvod: predstavitev kav<\/p>\n<p>Prakti\u010dni del:<br \/>\n\u2013 Vodeno oku\u0161avanje<\/p>\n<p><strong>LOKACIJA<\/strong><br \/>\nKavarna Stow, Gosposka 15, 1000 Ljubljana<\/p>\n<p><strong>TRAJANJE<\/strong><br \/>\n15:00 \u2013 17:00<\/p>\n<p><strong>DATUM<\/strong><br \/>\n02. APRIL 2026<\/p>\n<p><strong>\u0160TEVILO OSEB<\/strong><br \/>\nneomejeno<\/p>\n<p><strong>CENA<\/strong><br \/>\n10,00\u20ac Cena vklju\u010duje ddv &#8211; pla\u010dilo mo\u017eno samo na lokaciji<\/p>\n<p><strong>REZERVACIJA<\/strong><br \/>\nni potrebna<\/p>\n<p>&nbsp;<\/p>\n<p>&nbsp;<\/p>\n","protected":false},"excerpt":{"rendered":"<p><em>\u02ddOdkrijte raznolikost kavnega sveta s Stow Akademijo\u02dd.<\/em><\/p>\n","protected":false},"author":1,"featured_media":697,"template":"","meta":{"_acf_changed":false},"product_brand":[],"product_cat":[21,184,94],"product_tag":[],"giftcard-category":[],"class_list":{"0":"post-298","1":"product","2":"type-product","3":"status-publish","4":"has-post-thumbnail","6":"product_cat-akademija","7":"product_cat-na-povprasevanje","8":"product_cat-za-entuziaste","10":"first","11":"instock","12":"virtual","13":"purchasable","14":"product-type-simple"},"acf":[],"_links":{"self":[{"href":"https:\/\/stow.si\/en\/wp-json\/wp\/v2\/product\/298","targetHints":{"allow":["GET"]}}],"collection":[{"href":"https:\/\/stow.si\/en\/wp-json\/wp\/v2\/product"}],"about":[{"href":"https:\/\/stow.si\/en\/wp-json\/wp\/v2\/types\/product"}],"author":[{"embeddable":true,"href":"https:\/\/stow.si\/en\/wp-json\/wp\/v2\/users\/1"}],"wp:featuredmedia":[{"embeddable":true,"href":"https:\/\/stow.si\/en\/wp-json\/wp\/v2\/media\/697"}],"wp:attachment":[{"href":"https:\/\/stow.si\/en\/wp-json\/wp\/v2\/media?parent=298"}],"wp:term":[{"taxonomy":"product_brand","embeddable":true,"href":"https:\/\/stow.si\/en\/wp-json\/wp\/v2\/product_brand?post=298"},{"taxonomy":"product_cat","embeddable":true,"href":"https:\/\/stow.si\/en\/wp-json\/wp\/v2\/product_cat?post=298"},{"taxonomy":"product_tag","embeddable":true,"href":"https:\/\/stow.si\/en\/wp-json\/wp\/v2\/product_tag?post=298"},{"taxonomy":"giftcard-category","embeddable":true,"href":"https:\/\/stow.si\/en\/wp-json\/wp\/v2\/giftcard-category?post=298"}],"curies":[{"name":"wp","href":"https:\/\/api.w.org\/{rel}","templated":true}]}}