{"id":297,"date":"2024-07-18T14:05:32","date_gmt":"2024-07-18T13:05:32","guid":{"rendered":"http:\/\/localhost\/stow\/?post_type=product&#038;p=297"},"modified":"2026-02-24T09:02:18","modified_gmt":"2026-02-24T08:02:18","slug":"sensory-skills-foundation","status":"publish","type":"product","link":"https:\/\/stow.si\/en\/izdelek\/sensory-skills-foundation\/","title":{"rendered":"Sensory Skills"},"content":{"rendered":"<p><span class=\"tlid-translation translation\" lang=\"sl\"><span class=\"\" title=\"\">Ta enodnevni te\u010daj je namenjen vsem, ki \u017eelijo razviti svojo sposobnost zaznavanja razli\u010dnih arom in okusov v kavi. Ne glede na to, kje delate v kavni industriji je pomembno osnovno razumevanje senzorike za saj zagotavljanje visoke kakovosti in odli\u010dnega okusa kave.\u00a0Te\u010daj vklju\u010duje interaktivne vaje in teorijo, kar vam omogo\u010da, da teoreti\u010dne koncepte do\u017eivite na lastni paleti zaznave arom in okusov kave..<\/span><\/span><\/p>\n<p>Na tem te\u010daju pridobite znanje o:<\/p>\n<ul>\n<li>Kaj je senzorika in fiziologija \u010dutne zaznave<\/li>\n<li>Prepoznavanje osnovnih okusov in arom v kavi<\/li>\n<li>Razumevanje<span class=\"tlid-translation translation\" lang=\"sl\"><span class=\"\" title=\"\">\u00a0protokola cuppinga in nez du caf\u00e9<\/span><\/span><\/li>\n<li>Vpliv procesnih metod na okus skodelice in cupping<\/li>\n<li>Razumevanje okusov in arom v kavi<\/li>\n<li>Cupping, cupping in cupping<\/li>\n<\/ul>\n<hr \/>\n<p><strong>Stopnja te\u010daja:<\/strong>\u00a0Foundation (1.stopnja)<strong><br \/>\n<\/strong><\/p>\n<p><strong>Coffee Diploma:<\/strong>\u00a0pri tem te\u010daju pridobite 5 to\u010dk. Za diplomo potrebujete 100 to\u010dk.<\/p>\n<p><strong>Trajanje te\u010daja 1 dan<\/strong>: 10:00 \u2013 16:00<\/p>\n<hr \/>\n<p><strong>Cena te\u010daja:<\/strong>\u00a0270,00\u20ac \/ dopla\u010dilo za SCA certifikat ne\u010dlani 0,00\u20ac<\/p>\n<hr \/>\n<p><strong>Lokacija:<\/strong>\u00a0Akademija Stow, Gosposka 15, 1000 Ljubljana<\/p>\n<hr \/>\n<p>Cena velja za fizi\u010dne osebe, za pravne osebe ne vklju\u010duje DDV.<\/p>\n","protected":false},"excerpt":{"rendered":"<p>Ta enodnevni te\u010daj je namenjen vsem, ki \u017eelijo razviti svojo sposobnost zaznavanja razli\u010dnih arom in okusov v kavi. Ne glede na to, kje delate v kavni industriji je pomembno osnovno razumevanje senzorike za saj zagotavljanje visoke kakovosti in odli\u010dnega okusa kave.\u00a0Te\u010daj vklju\u010duje interaktivne vaje in teorijo, kar vam omogo\u010da, da teoreti\u010dne koncepte do\u017eivite na lastni [&hellip;]<\/p>\n","protected":false},"author":1,"featured_media":695,"template":"","meta":{"_acf_changed":false},"product_brand":[],"product_cat":[21,184,22],"product_tag":[],"giftcard-category":[],"class_list":{"0":"post-297","1":"product","2":"type-product","3":"status-publish","4":"has-post-thumbnail","6":"product_cat-akademija","7":"product_cat-na-povprasevanje","8":"product_cat-sca-tecaji","10":"first","11":"instock","12":"shipping-taxable","13":"purchasable","14":"product-type-simple"},"acf":[],"_links":{"self":[{"href":"https:\/\/stow.si\/en\/wp-json\/wp\/v2\/product\/297","targetHints":{"allow":["GET"]}}],"collection":[{"href":"https:\/\/stow.si\/en\/wp-json\/wp\/v2\/product"}],"about":[{"href":"https:\/\/stow.si\/en\/wp-json\/wp\/v2\/types\/product"}],"author":[{"embeddable":true,"href":"https:\/\/stow.si\/en\/wp-json\/wp\/v2\/users\/1"}],"wp:featuredmedia":[{"embeddable":true,"href":"https:\/\/stow.si\/en\/wp-json\/wp\/v2\/media\/695"}],"wp:attachment":[{"href":"https:\/\/stow.si\/en\/wp-json\/wp\/v2\/media?parent=297"}],"wp:term":[{"taxonomy":"product_brand","embeddable":true,"href":"https:\/\/stow.si\/en\/wp-json\/wp\/v2\/product_brand?post=297"},{"taxonomy":"product_cat","embeddable":true,"href":"https:\/\/stow.si\/en\/wp-json\/wp\/v2\/product_cat?post=297"},{"taxonomy":"product_tag","embeddable":true,"href":"https:\/\/stow.si\/en\/wp-json\/wp\/v2\/product_tag?post=297"},{"taxonomy":"giftcard-category","embeddable":true,"href":"https:\/\/stow.si\/en\/wp-json\/wp\/v2\/giftcard-category?post=297"}],"curies":[{"name":"wp","href":"https:\/\/api.w.org\/{rel}","templated":true}]}}