{"id":295,"date":"2024-07-18T13:48:14","date_gmt":"2024-07-18T12:48:14","guid":{"rendered":"http:\/\/localhost\/stow\/?post_type=product&#038;p=295"},"modified":"2026-02-24T09:02:26","modified_gmt":"2026-02-24T08:02:26","slug":"brewing-intermediate","status":"publish","type":"product","link":"https:\/\/stow.si\/en\/izdelek\/brewing-intermediate\/","title":{"rendered":"BREWING"},"content":{"rendered":"<p>Dvodnevni te\u010daj je namenjen vsem, ki se \u017eelite poglabiti v tehniko in analizo priprave kave, ekstrakcijo kave in spoznati vpliv kvalitetne vode na samo ekstrakcijo kave. Za ta te\u010daj je priporo\u010dena opravljena prva stopnja Brewing Foundation, ki pa ni pogoj v kolikor imate ve\u010dletne izku\u0161nje s pripravo filter kave. Na tem te\u010daju boste imeli izjemno prilo\u017enost izbolj\u0161ati svojo sposobnost oku\u0161anja razli\u010dnih kav s poreklom, razli\u010dno procesiranih kav in njihov vpliv na okus glede na metodo priprave. Velik poudarek bo namenjen tudi vodi in njeni kemijski sestavi.<\/p>\n","protected":false},"excerpt":{"rendered":"<p>Dvodnevni te\u010daj je namenjen vsem, ki se \u017eelite poglabiti v tehniko in analizo priprave kave, ekstrakcijo kave in spoznati vpliv kvalitetne vode na samo ekstrakcijo kave. Za ta te\u010daj je priporo\u010dena opravljena prva stopnja Brewing Foundation, ki pa ni pogoj v kolikor imate ve\u010dletne izku\u0161nje s pripravo filter kave. Na tem te\u010daju boste imeli izjemno [&hellip;]<\/p>\n","protected":false},"author":1,"featured_media":692,"template":"","meta":{"_acf_changed":false},"product_brand":[],"product_cat":[21,184,22],"product_tag":[],"giftcard-category":[],"class_list":{"0":"post-295","1":"product","2":"type-product","3":"status-publish","4":"has-post-thumbnail","6":"product_cat-akademija","7":"product_cat-na-povprasevanje","8":"product_cat-sca-tecaji","10":"first","11":"instock","12":"shipping-taxable","13":"purchasable","14":"product-type-simple"},"acf":[],"_links":{"self":[{"href":"https:\/\/stow.si\/en\/wp-json\/wp\/v2\/product\/295","targetHints":{"allow":["GET"]}}],"collection":[{"href":"https:\/\/stow.si\/en\/wp-json\/wp\/v2\/product"}],"about":[{"href":"https:\/\/stow.si\/en\/wp-json\/wp\/v2\/types\/product"}],"author":[{"embeddable":true,"href":"https:\/\/stow.si\/en\/wp-json\/wp\/v2\/users\/1"}],"wp:featuredmedia":[{"embeddable":true,"href":"https:\/\/stow.si\/en\/wp-json\/wp\/v2\/media\/692"}],"wp:attachment":[{"href":"https:\/\/stow.si\/en\/wp-json\/wp\/v2\/media?parent=295"}],"wp:term":[{"taxonomy":"product_brand","embeddable":true,"href":"https:\/\/stow.si\/en\/wp-json\/wp\/v2\/product_brand?post=295"},{"taxonomy":"product_cat","embeddable":true,"href":"https:\/\/stow.si\/en\/wp-json\/wp\/v2\/product_cat?post=295"},{"taxonomy":"product_tag","embeddable":true,"href":"https:\/\/stow.si\/en\/wp-json\/wp\/v2\/product_tag?post=295"},{"taxonomy":"giftcard-category","embeddable":true,"href":"https:\/\/stow.si\/en\/wp-json\/wp\/v2\/giftcard-category?post=295"}],"curies":[{"name":"wp","href":"https:\/\/api.w.org\/{rel}","templated":true}]}}