{"id":294,"date":"2024-07-18T13:40:01","date_gmt":"2024-07-18T12:40:01","guid":{"rendered":"http:\/\/localhost\/stow\/?post_type=product&#038;p=294"},"modified":"2026-02-24T09:02:30","modified_gmt":"2026-02-24T08:02:30","slug":"brewing-foundation","status":"publish","type":"product","link":"https:\/\/stow.si\/en\/izdelek\/brewing-foundation\/","title":{"rendered":"BREWING"},"content":{"rendered":"<p>Te\u010daj je namenjen vsem, ki se \u017eelite nau\u010diti razli\u010dnih osnovnih tehnik in metod priprave vrhunske filter kave. Ne glede ali ste za\u010detnik ali profesionalec te\u010daj vas bo nau\u010dil, da boste s pripravo izvlekli maksimum okusa, ki ga kava ponuja.<\/p>\n","protected":false},"excerpt":{"rendered":"<p>Te\u010daj je namenjen vsem, ki se \u017eelite nau\u010diti razli\u010dnih osnovnih tehnik in metod priprave vrhunske filter kave. Ne glede ali ste za\u010detnik ali profesionalec te\u010daj vas bo nau\u010dil, da boste s pripravo izvlekli maksimum okusa, ki ga kava ponuja.<\/p>\n","protected":false},"author":1,"featured_media":692,"template":"","meta":{"_acf_changed":false},"product_brand":[],"product_cat":[21,184,22],"product_tag":[],"giftcard-category":[],"class_list":{"0":"post-294","1":"product","2":"type-product","3":"status-publish","4":"has-post-thumbnail","6":"product_cat-akademija","7":"product_cat-na-povprasevanje","8":"product_cat-sca-tecaji","10":"first","11":"instock","12":"shipping-taxable","13":"purchasable","14":"product-type-simple"},"acf":[],"_links":{"self":[{"href":"https:\/\/stow.si\/en\/wp-json\/wp\/v2\/product\/294","targetHints":{"allow":["GET"]}}],"collection":[{"href":"https:\/\/stow.si\/en\/wp-json\/wp\/v2\/product"}],"about":[{"href":"https:\/\/stow.si\/en\/wp-json\/wp\/v2\/types\/product"}],"author":[{"embeddable":true,"href":"https:\/\/stow.si\/en\/wp-json\/wp\/v2\/users\/1"}],"wp:featuredmedia":[{"embeddable":true,"href":"https:\/\/stow.si\/en\/wp-json\/wp\/v2\/media\/692"}],"wp:attachment":[{"href":"https:\/\/stow.si\/en\/wp-json\/wp\/v2\/media?parent=294"}],"wp:term":[{"taxonomy":"product_brand","embeddable":true,"href":"https:\/\/stow.si\/en\/wp-json\/wp\/v2\/product_brand?post=294"},{"taxonomy":"product_cat","embeddable":true,"href":"https:\/\/stow.si\/en\/wp-json\/wp\/v2\/product_cat?post=294"},{"taxonomy":"product_tag","embeddable":true,"href":"https:\/\/stow.si\/en\/wp-json\/wp\/v2\/product_tag?post=294"},{"taxonomy":"giftcard-category","embeddable":true,"href":"https:\/\/stow.si\/en\/wp-json\/wp\/v2\/giftcard-category?post=294"}],"curies":[{"name":"wp","href":"https:\/\/api.w.org\/{rel}","templated":true}]}}