{"id":293,"date":"2024-07-18T13:38:47","date_gmt":"2024-07-18T12:38:47","guid":{"rendered":"http:\/\/localhost\/stow\/?post_type=product&#038;p=293"},"modified":"2026-02-24T09:02:38","modified_gmt":"2026-02-24T08:02:38","slug":"barista-skills-professional","status":"publish","type":"product","link":"https:\/\/stow.si\/en\/izdelek\/barista-skills-professional\/","title":{"rendered":"BARISTA SKILLS"},"content":{"rendered":"<p>Te\u010daj <em>SCA Barista Skills Professional<\/em> je zasnovan za visoko usposobljene bariste, ki so uspe\u0161no zaklju\u010dili Intermediate stopnjo in \u017eelijo nadgraditi svoje znanje na profesionalni ravni. Osredoto\u010da se na znanost ekstrakcije espressa ter na uporabo tega znanja za doseganje optimalnih rezultatov pri pripravi razli\u010dnih vrst kav. Te\u010daj je idealen za vodje baristov, ki \u017eelijo izpopolniti svoje znanje, voditi interne treninge ali se pripravljati na profesionalna tekmovanja.<\/p>\n<p>Udele\u017eenci bodo pridobili ekspertno razumevanje ekstrakcije z upravljanjem spremenljivk, ki vplivajo na popolno uravnote\u017eenost med kislostjo, sladkostjo in grenkobo, izpopolnili napredne latte art tehnike za oblikovanje kompleksnih vzorcev, raz\u0161irili svoje znanje o pravilnem shranjevanju kave in vplivu procesov pra\u017eenja na okus ter pridobili vodstvene kompetence za u\u010dinkovito upravljanje delovnega prostora in organizacijo dela v kavarni.<\/p>\n<p>SCA Barista Skills Professional je zadnji korak na poti profesionalnega razvoja barista, ki zdru\u017euje teorijo, prakso in napredne tehnike, ter omogo\u010da dvig kakovosti priprave kave na najvi\u0161jo raven. Ta presti\u017eni program je namenjen tistim, ki si \u017eelijo izstopati kot vodilni strokovnjaki v kavni industriji.<\/p>\n<p>CENA<br \/>\n850,00\u20ac &#8211; v ceni te\u010daja je vklju\u010dujen certifikat SCA.<\/p>\n<p>PRIJAVA<br \/>\nOb prijavi je pomembno, da vpi\u0161ete svojo \u0161tevilko SCA, \u010de je nimate, si lahko brezpla\u010dno ustvarite ra\u010dun tukaj <a href=\"https:\/\/specialtycoffee.my.site.com\/s\/login\/\">CREATE NEW ACCOUNT<\/a>.<\/p>\n<p>TRAJANJE TE\u010cAJA<br \/>\n3 dni (21ur) od 10:00 do 16:00<br \/>\nTa te\u010daj ima poleg osnovnega prakti\u010dnega izpita \u010dez dan tudi pisni izpit, ki ga je treba opraviti v 21 dneh po zaklju\u010dku te\u010daja.<\/p>\n<p>SCA COFFEE DIPLOMA &#8211; OCENJEVANJE<br \/>\nTeoreti\u010dni preizkus znanja poteka preko spleta (20 vpra\u0161anj, 60 % za uspe\u0161no opravljen izpit)<br \/>\nPrakti\u010dna evalvacija (preko CSP Course Skills Report)<br \/>\n\u010ce ste uspe\u0161no opravili pisni izpit, boste pridobili 5 to\u010dk k diplomi.<br \/>\nUdele\u017eenci pridobijo SCA certifikat po uspe\u0161no zaklju\u010denem te\u010daju.<\/p>\n<p>U\u010cNI NA\u010cRT TE\u010cAJA (CURRICULUM)<br \/>\n<strong>TEORETI\u010cNI DEL<\/strong><\/p>\n<p><strong>Kavna rastlina in poreklo kave<\/strong><br \/>\nTaksonomija in klasifikacija kave<br \/>\nGlavne sorte arabike (npr. Typica, Bourbon, hibridi)<br \/>\nGeografske regije in njihove zna\u010dilnosti (Afrika, Amerika, Azija)<\/p>\n<p><strong>Senzorika in analiza kave<\/strong><br \/>\nSenzori\u010dno zaznavanje (vid, vonj, okus, sluh, dotik)<br \/>\nOsnove znanosti oku\u0161anja<\/p>\n<p><strong>Kakovost in standardi kave<\/strong><br \/>\nKontrola kakovosti kavnih napitkov<br \/>\nSCA standardi za senzori\u010dno ocenjevanje (cupping protokol)<\/p>\n<p><strong>Voda in kava<\/strong><br \/>\nStandardi kakovosti vode (karbonatna trdota, skupna trdota, pH)<br \/>\nVpliv vode na ekstrakcijo in okus<\/p>\n<p><strong>Brezkofeinska kava<\/strong><br \/>\nMetode obdelave brezkofeinske kave<\/p>\n<p><strong>Kisline v kavah<\/strong><br \/>\nOrganske kisline v kavah<\/p>\n<p><strong>Voda<\/strong><br \/>\nVoda in kava<br \/>\nSCA standard vode<br \/>\nKarbonatna trdota<br \/>\nSkupna trdota vode<br \/>\npH vode<\/p>\n<p><strong>Espresso \u2013 TDS in ekstrakcija<\/strong><br \/>\nRazumevanje TDS in stopnje ekstrakcije<br \/>\nMeritve s pomo\u010djo refraktometra<br \/>\nVpliv receptur na telo, aromo in okus kave<\/p>\n<p><strong>Mleko in mle\u010dni napitki<\/strong><br \/>\nSestava mleka in vpliv na penjenje<br \/>\nPostopki obdelave mleka<br \/>\nUporaba mle\u010dnih nadomestkov<\/p>\n<p><strong>Vodenje kavarne<\/strong><br \/>\nVizija kavarne<br \/>\nIzra\u010dun profita prodaje<br \/>\nDvig prometa<br \/>\nU\u010dinkovitost prodaje<br \/>\nVodenje kadra<br \/>\nUpravljanje kavarne v \u010dasu krize<br \/>\nUpravljanje delovnih procesov in \u0161olanje osebja<br \/>\nSistemati\u010dno uvajanje novih kadrov<br \/>\nUpravljanje kriznih situacij v kavarni<br \/>\nAnaliza hitrosti in u\u010dinkovitosti dela<\/p>\n<p><strong>Kavarni\u0161ka ponudba<\/strong><br \/>\nPriprava menija<br \/>\nKlju\u010dne informacije za gosta v meniju<br \/>\nNadstandard ponudbe<\/p>\n<p><strong>HACCP<\/strong><br \/>\nHACCP standard<br \/>\nHigijena, \u010disto\u010da in varnost<\/p>\n<p><strong>PRAKTI\u010cNI DEL<\/strong><br \/>\n<strong>Espresso receptura<\/strong><br \/>\nOblikovanje lastne espresso recepture<br \/>\nZagovor lastne espresso recepture<\/p>\n<p><strong>Meritveni parametri espresso recepture<\/strong><br \/>\nMeritev ekstrakcije<br \/>\nMeritev TDS-a<br \/>\nUporaba refraktometra<\/p>\n<p><strong>Senzorika espresso napitka<\/strong><br \/>\nOpis arom v espressu<br \/>\nOpis okusa v espressu<br \/>\nOpis telesa v espressu<br \/>\nOpis intenzitete kislin, sladkobe in grenkobe<\/p>\n<p><strong>Mletje kave<\/strong><br \/>\nAnaliza razli\u010dne velikosti mletih delcev kave<br \/>\nVpliv mletja na okus<\/p>\n<p><strong>Kavni mlin<\/strong><br \/>\nKako razstavit, o\u010distit in nazaj sestavit mlin<\/p>\n<p><strong>Cupping<\/strong><br \/>\nOku\u0161anje srednje in ju\u017eno ameri\u0161kih kav<br \/>\nOku\u0161anje afri\u0161kih kav<br \/>\nOku\u0161anje azijskih kave<br \/>\nOku\u0161anje razli\u010dno procesiranih kav<\/p>\n<p><strong>Voda<\/strong><br \/>\nSlepo oku\u0161anje razli\u010dnih trdot vode<br \/>\noku\u0161anje kave z razli\u010dnimi vodami<\/p>\n<p><strong>Kisline<\/strong><br \/>\nOku\u0161anje razli\u010dnih organskih kislin<br \/>\nSlepo prepoznavanje organskih kislin med oku\u0161anjem<\/p>\n<p><strong>Latte Art<\/strong><br \/>\nTehnika priprave mle\u010dne kreme<br \/>\nSimetrija vzorcev<br \/>\nContrast vzorcev<br \/>\nOsnovni vzorci Latte art<br \/>\nPriprava cappuccina z naprednim vzorcem<\/p>\n","protected":false},"excerpt":{"rendered":"<p><em>\u02ddZnanstveni pristop do popolne skodelice\u02dd.<\/em><\/p>\n","protected":false},"author":1,"featured_media":691,"template":"","meta":{"_acf_changed":false},"product_brand":[],"product_cat":[21,184,22],"product_tag":[],"giftcard-category":[],"class_list":{"0":"post-293","1":"product","2":"type-product","3":"status-publish","4":"has-post-thumbnail","6":"product_cat-akademija","7":"product_cat-na-povprasevanje","8":"product_cat-sca-tecaji","10":"first","11":"instock","12":"virtual","13":"purchasable","14":"product-type-simple"},"acf":[],"_links":{"self":[{"href":"https:\/\/stow.si\/en\/wp-json\/wp\/v2\/product\/293","targetHints":{"allow":["GET"]}}],"collection":[{"href":"https:\/\/stow.si\/en\/wp-json\/wp\/v2\/product"}],"about":[{"href":"https:\/\/stow.si\/en\/wp-json\/wp\/v2\/types\/product"}],"author":[{"embeddable":true,"href":"https:\/\/stow.si\/en\/wp-json\/wp\/v2\/users\/1"}],"wp:featuredmedia":[{"embeddable":true,"href":"https:\/\/stow.si\/en\/wp-json\/wp\/v2\/media\/691"}],"wp:attachment":[{"href":"https:\/\/stow.si\/en\/wp-json\/wp\/v2\/media?parent=293"}],"wp:term":[{"taxonomy":"product_brand","embeddable":true,"href":"https:\/\/stow.si\/en\/wp-json\/wp\/v2\/product_brand?post=293"},{"taxonomy":"product_cat","embeddable":true,"href":"https:\/\/stow.si\/en\/wp-json\/wp\/v2\/product_cat?post=293"},{"taxonomy":"product_tag","embeddable":true,"href":"https:\/\/stow.si\/en\/wp-json\/wp\/v2\/product_tag?post=293"},{"taxonomy":"giftcard-category","embeddable":true,"href":"https:\/\/stow.si\/en\/wp-json\/wp\/v2\/giftcard-category?post=293"}],"curies":[{"name":"wp","href":"https:\/\/api.w.org\/{rel}","templated":true}]}}