{"id":291,"date":"2024-07-18T13:37:50","date_gmt":"2024-07-18T12:37:50","guid":{"rendered":"http:\/\/localhost\/stow\/?post_type=product&#038;p=291"},"modified":"2026-02-24T09:02:42","modified_gmt":"2026-02-24T08:02:42","slug":"barista-skills-intermediate","status":"publish","type":"product","link":"https:\/\/stow.si\/en\/izdelek\/barista-skills-intermediate\/","title":{"rendered":"BARISTA SKILLS"},"content":{"rendered":"<p>Dvodnevni te\u010daj <em>Barista Skills Intermediate<\/em> je zasnovan za vse, ki \u017eelijo nadgraditi svoje znanje in ve\u0161\u010dine v profesionalnem okolju specialty kavarne. Na te\u010daju boste poglobili razumevanje senzorike, priprave kav po recepturah in klju\u010dnih aspektov vodenja specialty coffee shopa, hkrati pa se nau\u010dili, kako z nadzorovanjem spremenljivk, kot so temperatura vode, doza, granulacija mletja in \u010das ekstrakcije, vplivati na okus kave. Poleg tehni\u010dnega znanja boste pridobili dragocene prakti\u010dne izku\u0161nje, ki vklju\u010dujejo pripravo napitkov po standardih SCA, senzori\u010dno analizo espressa ter tehnike penjenja mleka za doseganje popolne mikro pene.<\/p>\n<p>Te\u010daj je idealen za bariste, ki \u017eelijo izstopati s svojim znanjem in se pripraviti na bolj zahtevne naloge v kavarni.<\/p>\n<p>CENA<br \/>\n450,00\u20ac &#8211; v ceni te\u010daja je vklju\u010dujen certifikat SCA.<\/p>\n<p>PRIJAVA<br \/>\nOb prijavi je pomembno, da vpi\u0161ete svojo \u0161tevilko SCA, \u010de je nimate, si lahko brezpla\u010dno ustvarite ra\u010dun tukaj <a href=\"https:\/\/specialtycoffee.my.site.com\/s\/login\/\">CREATE NEW ACCOUNT.<\/a>.<\/p>\n<p>TRAJANJE TE\u010cAJA<br \/>\n2 dni (14ur) od 10:00 do 16:00<br \/>\nTa te\u010daj ima poleg osnovnega prakti\u010dnega izpita \u010dez dan tudi pisni izpit, ki ga je treba opraviti v 21 dneh po zaklju\u010dku te\u010daja.<\/p>\n<p>SCA COFFEE DIPLOMA &#8211; OCENJEVANJE<br \/>\nTeoreti\u010dni preizkus znanja poteka preko spleta (20-30 vpra\u0161anj, 80 % za uspe\u0161no opravljen izpit)<br \/>\n\u010ce ste uspe\u0161no opravili pisni izpit, boste pridobili 10 to\u010dk k diplomi.<br \/>\nUdele\u017eenci pridobijo SCA certifikat po uspe\u0161no zaklju\u010denem te\u010daju.<\/p>\n<p>U\u010cNI NA\u010cRT TE\u010cAJA (CURRICULUM)<br \/>\n<strong>TEORETI\u010cNI DEL<\/strong><\/p>\n<p><strong>Kavna zrna:<\/strong><br \/>\nSorte Arabice in njihov vpliv na okus.<br \/>\nVpliv metod obdelave na okus in telo kave.<br \/>\nPomen pra\u017eenja za topnost, gostoto in okus kave.<\/p>\n<p><strong>Upravljanje delovnega prostora in potek dela:<\/strong><br \/>\nOptimalna postavitev kavne opreme za u\u010dinkovitost.<br \/>\nDelo v parih za pove\u010danje hitrosti in kakovosti storitve.<\/p>\n<p><strong>Postopek priprave espressa:<\/strong><br \/>\nRazlike med modeli kavnih mlinov in tipi no\u017eev.<br \/>\nTehnike doziranja, distribucije in tla\u010denja kave.<\/p>\n<p><strong>Ekstrakcija in priprava kave:<\/strong><br \/>\nIzra\u010dun razmerja med kavo in vodo.<br \/>\nMo\u010d in ekstrakcija pri espresso kavi.<br \/>\nUporaba refraktometra za analizo ekstrakcije.<\/p>\n<p><strong>Senzorika:<\/strong><br \/>\nStopnje ekstrakcije spojin in arom.<br \/>\nUporaba SCA Flavor Wheel za opise okusa in teksture.<\/p>\n<p><strong>Mleko:<\/strong><br \/>\nSestava mleka in lastnosti penjenja.<br \/>\nTehnike priprave mikro pene po SCA standardih.<\/p>\n<p><strong>Espresso meni:<\/strong><br \/>\nPriprava razli\u010dnih napitkov po standardih SCA.<br \/>\nRazlike v okusu in telesu med posameznimi napitki.<\/p>\n<p><strong>\u010ci\u0161\u010denje, zdravje in varnost:<\/strong><br \/>\nHigiena in prepre\u010devanje navzkri\u017ene kontaminacije.<br \/>\nVzdr\u017eevanje kavnega mlina in espresso aparata.<\/p>\n<p><strong>Kakovost vode:<\/strong><br \/>\nAnaliza kakovosti vode in njen vpliv na okus ter delovanje aparata.<\/p>\n<p><strong>Storitve za stranke in vodenje kavarne:<\/strong><br \/>\nU\u010dinkovita komunikacija in re\u0161evanje prito\u017eb.<br \/>\nUpravljanje stro\u0161kov in zalog.<\/p>\n<p><strong>PRAKTI\u010cNI DEL<\/strong><\/p>\n<p><strong>Kalibracija kavnega mlina:<\/strong><br \/>\nNastavitev mletja za dosego optimalne ekstrakcije espressa.<\/p>\n<p><strong>Priprava napitkov:<\/strong><br \/>\nPriprava espressa, cappuccina, latte macchiata in napitkov z mle\u010dnimi nadomestki.<br \/>\nStandardizacija postopkov za dosledno kakovost.<\/p>\n<p><strong>Tehnike penjenja mleka:<\/strong><br \/>\nPriprava mikro pene z ustrezno teksturo in temperaturo.<br \/>\nTehnike deljenja mle\u010dne kreme za ve\u010d napitkov.<\/p>\n<p><strong>Latte Art:<\/strong><br \/>\nProsto vlivanje dveh razli\u010dnih vzorcev po SCA Latte Art standardih.<\/p>\n<p><strong>Senzori\u010dna analiza espressa:<\/strong><br \/>\nPrepoznavanje zna\u010dilnosti pravilno, prekomerno in premalo ekstrahiranega espressa.<br \/>\nOpis okusa in telesa espressa z uporabo SCA Flavor Wheel.<\/p>\n<p><strong>\u010ci\u0161\u010denje opreme:<\/strong><br \/>\nDnevno \u010di\u0161\u010denje in vzdr\u017eevanje kavnega mlina ter espresso aparata.<br \/>\nUporaba pravilnih postopkov za podalj\u0161anje \u017eivljenjske dobe opreme.<\/p>\n","protected":false},"excerpt":{"rendered":"<p><em>&#8220;Napredno razumevanje in znanje za odli\u010dnost v skodelici&#8221;<\/em><\/p>\n","protected":false},"author":1,"featured_media":691,"template":"","meta":{"_acf_changed":false},"product_brand":[],"product_cat":[21,184,22],"product_tag":[],"giftcard-category":[],"class_list":{"0":"post-291","1":"product","2":"type-product","3":"status-publish","4":"has-post-thumbnail","6":"product_cat-akademija","7":"product_cat-na-povprasevanje","8":"product_cat-sca-tecaji","10":"first","11":"instock","12":"virtual","13":"purchasable","14":"product-type-simple"},"acf":[],"_links":{"self":[{"href":"https:\/\/stow.si\/en\/wp-json\/wp\/v2\/product\/291","targetHints":{"allow":["GET"]}}],"collection":[{"href":"https:\/\/stow.si\/en\/wp-json\/wp\/v2\/product"}],"about":[{"href":"https:\/\/stow.si\/en\/wp-json\/wp\/v2\/types\/product"}],"author":[{"embeddable":true,"href":"https:\/\/stow.si\/en\/wp-json\/wp\/v2\/users\/1"}],"wp:featuredmedia":[{"embeddable":true,"href":"https:\/\/stow.si\/en\/wp-json\/wp\/v2\/media\/691"}],"wp:attachment":[{"href":"https:\/\/stow.si\/en\/wp-json\/wp\/v2\/media?parent=291"}],"wp:term":[{"taxonomy":"product_brand","embeddable":true,"href":"https:\/\/stow.si\/en\/wp-json\/wp\/v2\/product_brand?post=291"},{"taxonomy":"product_cat","embeddable":true,"href":"https:\/\/stow.si\/en\/wp-json\/wp\/v2\/product_cat?post=291"},{"taxonomy":"product_tag","embeddable":true,"href":"https:\/\/stow.si\/en\/wp-json\/wp\/v2\/product_tag?post=291"},{"taxonomy":"giftcard-category","embeddable":true,"href":"https:\/\/stow.si\/en\/wp-json\/wp\/v2\/giftcard-category?post=291"}],"curies":[{"name":"wp","href":"https:\/\/api.w.org\/{rel}","templated":true}]}}