{"id":258,"date":"2024-07-18T12:49:36","date_gmt":"2024-07-18T11:49:36","guid":{"rendered":"http:\/\/localhost\/stow\/?post_type=product&#038;p=258"},"modified":"2025-12-17T09:29:24","modified_gmt":"2025-12-17T08:29:24","slug":"timemore-mlin-rocni-c2","status":"publish","type":"product","link":"https:\/\/stow.si\/en\/izdelek\/timemore-mlin-rocni-c2\/","title":{"rendered":"Timemore mlin ro\u010dni C2"},"content":{"rendered":"<p>Kapaciteta kave: 25g<\/p>\n<p>Izrezki iz nerjave\u010dega jekla<\/p>\n<p>Aluminijasto ohi\u0161je s trpe\u017eno plastiko PCTG v notranjosti<\/p>\n<p>CNC jeklene rezke enake kot Slim in Chestnut G1<\/p>\n<p>Dvojni le\u017eaji za zagotovitev konsistentno mlete kave<\/p>\n<p>Prilagajanje grobosti od to\u010dke do to\u010dke<\/p>\n<p>Velikost 14,7cm x 5cm &#8211; z ro\u010dajem 16cm<\/p>\n<p>Te\u017ea: pribli\u017eno 450g<\/p>\n<p>Na voljo v \u010drni barvi<\/p>\n","protected":false},"excerpt":{"rendered":"<p>Kot zanesljivi oblikovalci v Timemore-u vedno znova pri\u010darajo \u010dudovite kose mamljive opreme za pripravo kave. Z zunanjo teksturo je ro\u010dni mlin enostavno dr\u017eati med mletjem. Popolna izbira za Aeropress ali filter pripravo kave. Osnova ro\u010dnega mlina C2 je zdaj izdelana iz kovine in se z lahkoto privije v telo mlina. Za to ceno boste te\u017eko kupili bolj\u0161i ro\u010dni mlin.<\/p>\n","protected":false},"author":1,"featured_media":259,"template":"","meta":{"_acf_changed":false},"product_brand":[],"product_cat":[15],"product_tag":[],"giftcard-category":[],"class_list":{"0":"post-258","1":"product","2":"type-product","3":"status-publish","4":"has-post-thumbnail","6":"product_cat-nekategorizirano","8":"first","9":"instock","10":"shipping-taxable","11":"purchasable","12":"product-type-simple"},"acf":[],"_links":{"self":[{"href":"https:\/\/stow.si\/en\/wp-json\/wp\/v2\/product\/258","targetHints":{"allow":["GET"]}}],"collection":[{"href":"https:\/\/stow.si\/en\/wp-json\/wp\/v2\/product"}],"about":[{"href":"https:\/\/stow.si\/en\/wp-json\/wp\/v2\/types\/product"}],"author":[{"embeddable":true,"href":"https:\/\/stow.si\/en\/wp-json\/wp\/v2\/users\/1"}],"wp:featuredmedia":[{"embeddable":true,"href":"https:\/\/stow.si\/en\/wp-json\/wp\/v2\/media\/259"}],"wp:attachment":[{"href":"https:\/\/stow.si\/en\/wp-json\/wp\/v2\/media?parent=258"}],"wp:term":[{"taxonomy":"product_brand","embeddable":true,"href":"https:\/\/stow.si\/en\/wp-json\/wp\/v2\/product_brand?post=258"},{"taxonomy":"product_cat","embeddable":true,"href":"https:\/\/stow.si\/en\/wp-json\/wp\/v2\/product_cat?post=258"},{"taxonomy":"product_tag","embeddable":true,"href":"https:\/\/stow.si\/en\/wp-json\/wp\/v2\/product_tag?post=258"},{"taxonomy":"giftcard-category","embeddable":true,"href":"https:\/\/stow.si\/en\/wp-json\/wp\/v2\/giftcard-category?post=258"}],"curies":[{"name":"wp","href":"https:\/\/api.w.org\/{rel}","templated":true}]}}